{"id":49,"date":"2016-07-13T06:52:48","date_gmt":"2016-07-13T06:52:48","guid":{"rendered":"http:\/\/blume.com.pl\/?page_id=49"},"modified":"2016-07-13T08:43:38","modified_gmt":"2016-07-13T08:43:38","slug":"uslugi","status":"publish","type":"page","link":"https:\/\/blume.com.pl\/?page_id=49","title":{"rendered":"Us\u0142ugi"},"content":{"rendered":"<p>\u015awiadczymy us\u0142ugi w zakresie:<\/p>\n<ul>\n<li>projektowania system\u00f3w i rozwi\u0105za\u0144 IT<\/li>\n<li>produkcji oprogramowania<\/li>\n<li>wsparcia eksperckiego oraz asyst technicznych<\/li>\n<li>integracji system\u00f3w<\/li>\n<li>wywiad\u00f3w technicznych<\/li>\n<li>implementacji gotowych rozwi\u0105za\u0144<\/li>\n<\/ul>\n","protected":false},"excerpt":{"rendered":"<p>\u015awiadczymy us\u0142ugi w zakresie: projektowania system\u00f3w i rozwi\u0105za\u0144 IT produkcji oprogramowania wsparcia eksperckiego oraz asyst technicznych integracji system\u00f3w wywiad\u00f3w technicznych implementacji gotowych rozwi\u0105za\u0144<\/p>\n","protected":false},"author":1,"featured_media":0,"parent":0,"menu_order":0,"comment_status":"closed","ping_status":"closed","template":"","meta":{"footnotes":""},"class_list":["post-49","page","type-page","status-publish","hentry"],"_links":{"self":[{"href":"https:\/\/blume.com.pl\/index.php?rest_route=\/wp\/v2\/pages\/49","targetHints":{"allow":["GET"]}}],"collection":[{"href":"https:\/\/blume.com.pl\/index.php?rest_route=\/wp\/v2\/pages"}],"about":[{"href":"https:\/\/blume.com.pl\/index.php?rest_route=\/wp\/v2\/types\/page"}],"author":[{"embeddable":true,"href":"https:\/\/blume.com.pl\/index.php?rest_route=\/wp\/v2\/users\/1"}],"replies":[{"embeddable":true,"href":"https:\/\/blume.com.pl\/index.php?rest_route=%2Fwp%2Fv2%2Fcomments&post=49"}],"version-history":[{"count":4,"href":"https:\/\/blume.com.pl\/index.php?rest_route=\/wp\/v2\/pages\/49\/revisions"}],"predecessor-version":[{"id":55,"href":"https:\/\/blume.com.pl\/index.php?rest_route=\/wp\/v2\/pages\/49\/revisions\/55"}],"wp:attachment":[{"href":"https:\/\/blume.com.pl\/index.php?rest_route=%2Fwp%2Fv2%2Fmedia&parent=49"}],"curies":[{"name":"wp","href":"https:\/\/api.w.org\/{rel}","templated":true}]}}